{"id":27,"date":"2019-03-28T22:29:57","date_gmt":"2019-03-28T21:29:57","guid":{"rendered":"http:\/\/osteocanin.be\/?page_id=27"},"modified":"2025-12-18T18:24:08","modified_gmt":"2025-12-18T17:24:08","slug":"cabinet","status":"publish","type":"page","link":"http:\/\/osteocanin.be\/index.php\/cabinet\/","title":{"rendered":"Informations pratiques"},"content":{"rendered":"\n<p class=\"has-light-green-cyan-background-color has-background\"><strong>Je re\u00e7ois uniquement sur rendez-vous<\/strong><\/p>\n\n\n\n<p>Pour un renseignement ou une prise de rendez-vous: contactez ma s\u00e9cr\u00e9taire en semaine de 14h \u00e0 17h au:<\/p>\n\n\n\n<p><strong>0495\/30.56.76<\/strong><br><\/p>\n\n\n\n<p class=\"has-light-green-cyan-background-color has-background\"><strong>Adresse mail:<\/strong><\/p>\n\n\n\n<p>Uniquement pour l\u2019envoi de radiographies, de photos, de vid\u00e9os, de r\u00e9sultats de prise de sang, etc\u2026&nbsp;<\/p>\n\n\n\n<p>Pour la prise d\u2019un rendez-vous ou une demande de renseignements, veuillez t\u00e9l\u00e9phoner. <\/p>\n\n\n\n<p>natbarriere80@gmail.com&nbsp;<\/p>\n\n\n\n<p class=\"has-light-green-cyan-background-color has-background\"><strong>Tarifs:<\/strong><\/p>\n\n\n\n<p>Manipulation ost\u00e9opathique chien: 70\u20ac<\/p>\n\n\n\n<p>Manipulation ost\u00e9opathique chat: 65\u20ac<\/p>\n\n\n\n<p>Si vous venez avec plusieurs animaux en m\u00eame temps, le premier est compt\u00e9 en tarif individuel et les suivants sont compt\u00e9s \u00e0 60\u20ac<\/p>\n\n\n\n<p>S\u00e9ance laser avec le Dr Strepenne: 45\u20ac <\/p>\n\n\n\n<p>Manipulation avec laser Dr Strepenne: 90\u20ac<\/p>\n\n\n\n<p>Attention il n\u2019y a pas d\u2019appareil bancontact. Par contre, nous avons la possibilit\u00e9 de cr\u00e9er un QR code pour l&rsquo;application de votre banque ou pour l&rsquo;application Payconiq.<\/p>\n\n\n\n<p>En cas d\u2019<strong>emp\u00eachement<\/strong>, par respect de mon organisation et des autres personnes en attente de rendez-vous ou en demande d\u2019urgence, je vous prie d\u2019avoir la gentillesse de me pr\u00e9venir au moins 24heures \u00e0 l\u2019avance de votre absence.&nbsp;<\/p>\n\n\n\n<p>Dans le cas d\u2019un&nbsp;<strong>oubli<\/strong>, un montant de 25\u20ac sera factur\u00e9.<\/p>\n\n\n\n<p class=\"has-light-green-cyan-background-color has-background\"><strong>Adresse :<\/strong><\/p>\n\n\n\n<p>Il y a deux possibilit\u00e9s, vous recevoir en r\u00e9gion namuroise (\u00e0 Vedrin) ou pr\u00e8s de Charleroi (\u00e0 Chatelineau).<\/p>\n\n\n\n<p class=\"has-light-green-cyan-color has-text-color\"><strong>Adresse du cabinet de Namur:<\/strong><\/p>\n\n\n\n<p>rue polet 51 \u00e0 5020 Vedrin <\/p>\n\n\n\n<figure class=\"wp-block-gallery has-nested-images columns-default is-cropped wp-block-gallery-1 is-layout-flex wp-block-gallery-is-layout-flex\">\n<figure class=\"wp-block-image\"><img loading=\"lazy\" decoding=\"async\" width=\"1024\" height=\"769\" data-id=\"81\" src=\"http:\/\/osteocanin.be\/wp-content\/uploads\/2019\/04\/P1110675-1024x769.jpg\" alt=\"\" class=\"wp-image-81\" srcset=\"http:\/\/osteocanin.be\/wp-content\/uploads\/2019\/04\/P1110675-1024x769.jpg 1024w, http:\/\/osteocanin.be\/wp-content\/uploads\/2019\/04\/P1110675-300x225.jpg 300w, http:\/\/osteocanin.be\/wp-content\/uploads\/2019\/04\/P1110675-768x577.jpg 768w, http:\/\/osteocanin.be\/wp-content\/uploads\/2019\/04\/P1110675-1200x901.jpg 1200w, http:\/\/osteocanin.be\/wp-content\/uploads\/2019\/04\/P1110675-266x200.jpg 266w, http:\/\/osteocanin.be\/wp-content\/uploads\/2019\/04\/P1110675-566x425.jpg 566w\" sizes=\"auto, (max-width: 1024px) 100vw, 1024px\" \/><\/figure>\n\n\n\n<figure class=\"wp-block-image\"><img loading=\"lazy\" decoding=\"async\" width=\"1024\" height=\"769\" data-id=\"80\" src=\"http:\/\/osteocanin.be\/wp-content\/uploads\/2019\/04\/P1110672-1024x769.jpg\" alt=\"\" class=\"wp-image-80\" srcset=\"http:\/\/osteocanin.be\/wp-content\/uploads\/2019\/04\/P1110672-1024x769.jpg 1024w, http:\/\/osteocanin.be\/wp-content\/uploads\/2019\/04\/P1110672-300x225.jpg 300w, http:\/\/osteocanin.be\/wp-content\/uploads\/2019\/04\/P1110672-768x577.jpg 768w, http:\/\/osteocanin.be\/wp-content\/uploads\/2019\/04\/P1110672-1200x901.jpg 1200w, http:\/\/osteocanin.be\/wp-content\/uploads\/2019\/04\/P1110672-266x200.jpg 266w, http:\/\/osteocanin.be\/wp-content\/uploads\/2019\/04\/P1110672-566x425.jpg 566w\" sizes=\"auto, (max-width: 1024px) 100vw, 1024px\" \/><\/figure>\n\n\n\n<figure class=\"wp-block-image\"><img loading=\"lazy\" decoding=\"async\" width=\"1024\" height=\"769\" data-id=\"79\" src=\"http:\/\/osteocanin.be\/wp-content\/uploads\/2019\/04\/P1110683-1024x769.jpg\" alt=\"\" class=\"wp-image-79\" srcset=\"http:\/\/osteocanin.be\/wp-content\/uploads\/2019\/04\/P1110683-1024x769.jpg 1024w, http:\/\/osteocanin.be\/wp-content\/uploads\/2019\/04\/P1110683-300x225.jpg 300w, http:\/\/osteocanin.be\/wp-content\/uploads\/2019\/04\/P1110683-768x577.jpg 768w, http:\/\/osteocanin.be\/wp-content\/uploads\/2019\/04\/P1110683-1200x901.jpg 1200w, http:\/\/osteocanin.be\/wp-content\/uploads\/2019\/04\/P1110683-266x200.jpg 266w, http:\/\/osteocanin.be\/wp-content\/uploads\/2019\/04\/P1110683-566x425.jpg 566w\" sizes=\"auto, (max-width: 1024px) 100vw, 1024px\" \/><\/figure>\n\n\n\n<figure class=\"wp-block-image\"><img loading=\"lazy\" decoding=\"async\" width=\"1024\" height=\"769\" data-id=\"77\" src=\"http:\/\/osteocanin.be\/wp-content\/uploads\/2019\/04\/P1110666-1024x769.jpg\" alt=\"\" class=\"wp-image-77\" srcset=\"http:\/\/osteocanin.be\/wp-content\/uploads\/2019\/04\/P1110666-1024x769.jpg 1024w, http:\/\/osteocanin.be\/wp-content\/uploads\/2019\/04\/P1110666-300x225.jpg 300w, http:\/\/osteocanin.be\/wp-content\/uploads\/2019\/04\/P1110666-768x577.jpg 768w, http:\/\/osteocanin.be\/wp-content\/uploads\/2019\/04\/P1110666-1200x901.jpg 1200w, http:\/\/osteocanin.be\/wp-content\/uploads\/2019\/04\/P1110666-266x200.jpg 266w, http:\/\/osteocanin.be\/wp-content\/uploads\/2019\/04\/P1110666-566x425.jpg 566w\" sizes=\"auto, (max-width: 1024px) 100vw, 1024px\" \/><\/figure>\n<\/figure>\n\n\n\n<p><strong>Plan<\/strong><\/p>\n\n\n\n<figure><iframe loading=\"lazy\" src=\"https:\/\/www.google.com\/maps\/embed?pb=!1m18!1m12!1m3!1d2538.1542969762518!2d4.888345815311803!3d50.49408599210136!2m3!1f0!2f0!3f0!3m2!1i1024!2i768!4f13.1!3m3!1m2!1s0x47c19ed2d442cf5d%3A0xddf7dddd7536e4da!2sRue+Polet+51%2C+5020+Namur!5e0!3m2!1sfr!2sbe!4v1557565751357!5m2!1sfr!2sbe\" allowfullscreen=\"\" width=\"600\" height=\"450\"><\/iframe><\/figure>\n\n\n\n<p>Possibilit\u00e9 de se garer devant le cabinet.<\/p>\n\n\n\n<p>Des toilettes sont pr\u00e9sentes dans la salle d&rsquo;attente.<\/p>\n\n\n\n<p>La porte de sortie est diff\u00e9rente de la porte d&rsquo;entr\u00e9e, ce qui permet aux animaux de ne pas se croiser. C&rsquo;est important car certains chiens ne tol\u00e8rent pas leurs cong\u00e9n\u00e8res. Je suis ainsi certaine qu&rsquo;il n&rsquo;y aura pas de stress inutile.<\/p>\n\n\n\n<p class=\"has-light-green-cyan-color has-text-color\"><strong>Adresse du cabinet de Charleroi:<\/strong><\/p>\n\n\n\n<p>Je re\u00e7ois \u00e0 Chatelineau dans un cabinet v\u00e9t\u00e9rinaire en face du Cora.<\/p>\n\n\n\n<p>24 rue du corbeau<\/p>\n\n\n\n<p>6200 Chatelineau<\/p>\n\n\n\n<iframe src=\"https:\/\/www.google.com\/maps\/embed?pb=!1m18!1m12!1m3!1d2542.5649541936555!2d4.491043976434998!3d50.41194487158489!2m3!1f0!2f0!3f0!3m2!1i1024!2i768!4f13.1!3m3!1m2!1s0x47c227cc0daf5f53%3A0x96059f9eef708b8d!2sRue%20du%20Corbeau%2024%2C%206200%20Charleroi!5e0!3m2!1sfr!2sbe!4v1684958197869!5m2!1sfr!2sbe\" width=\"600\" height=\"450\" style=\"border:0;\" allowfullscreen=\"\" loading=\"lazy\" referrerpolicy=\"no-referrer-when-downgrade\"><\/iframe>\n\n\n\n\n\n<p><\/p>\n\n\n\n<p>Si vous habitez dans la r\u00e9gion de Malmedy, n&rsquo;h\u00e9sitez pas \u00e0 faire appel au Dr Caroline Masset qui a fait ses stages chez moi: <a href=\"http:\/\/www.osteoveto.be\">http:\/\/www.osteoveto.be<\/a><\/p>\n","protected":false},"excerpt":{"rendered":"<p>Je re\u00e7ois uniquement sur rendez-vous Pour un renseignement ou une prise de rendez-vous: contactez ma s\u00e9cr\u00e9taire en semaine de 14h \u00e0 17h au: 0495\/30.56.76 Adresse mail: Uniquement pour l\u2019envoi de radiographies, de photos, de vid\u00e9os, &hellip; <a href=\"http:\/\/osteocanin.be\/index.php\/cabinet\/\" class=\"more-link\">Lire la suite <span class=\"screen-reader-text\">Informations pratiques<\/span> <span class=\"meta-nav\">&rarr;<\/span><\/a><\/p>\n","protected":false},"author":1,"featured_media":80,"parent":0,"menu_order":4,"comment_status":"closed","ping_status":"closed","template":"","meta":{"footnotes":""},"class_list":["post-27","page","type-page","status-publish","has-post-thumbnail","hentry"],"_links":{"self":[{"href":"http:\/\/osteocanin.be\/index.php\/wp-json\/wp\/v2\/pages\/27","targetHints":{"allow":["GET"]}}],"collection":[{"href":"http:\/\/osteocanin.be\/index.php\/wp-json\/wp\/v2\/pages"}],"about":[{"href":"http:\/\/osteocanin.be\/index.php\/wp-json\/wp\/v2\/types\/page"}],"author":[{"embeddable":true,"href":"http:\/\/osteocanin.be\/index.php\/wp-json\/wp\/v2\/users\/1"}],"replies":[{"embeddable":true,"href":"http:\/\/osteocanin.be\/index.php\/wp-json\/wp\/v2\/comments?post=27"}],"version-history":[{"count":33,"href":"http:\/\/osteocanin.be\/index.php\/wp-json\/wp\/v2\/pages\/27\/revisions"}],"predecessor-version":[{"id":287,"href":"http:\/\/osteocanin.be\/index.php\/wp-json\/wp\/v2\/pages\/27\/revisions\/287"}],"wp:featuredmedia":[{"embeddable":true,"href":"http:\/\/osteocanin.be\/index.php\/wp-json\/wp\/v2\/media\/80"}],"wp:attachment":[{"href":"http:\/\/osteocanin.be\/index.php\/wp-json\/wp\/v2\/media?parent=27"}],"curies":[{"name":"wp","href":"https:\/\/api.w.org\/{rel}","templated":true}]}}