{"id":2,"date":"2019-03-27T21:15:28","date_gmt":"2019-03-27T20:15:28","guid":{"rendered":"http:\/\/osteocanin.be\/?page_id=2"},"modified":"2024-12-12T19:59:50","modified_gmt":"2024-12-12T18:59:50","slug":"page-d-exemple","status":"publish","type":"page","link":"http:\/\/osteocanin.be\/index.php\/page-d-exemple\/","title":{"rendered":"Ost\u00e9opathie"},"content":{"rendered":"\n<p class=\"has-light-green-cyan-background-color has-background\"><strong>D\u00e9finition:<\/strong><\/p>\n\n\n\n<p>L&rsquo;ost\u00e9opathie est une technique manuelle visant \u00e0 r\u00e9\u00e9quilibrer le corps en levant les blocages musculaires et articulaires.<\/p>\n\n\n\n<p>Ces blocages ont des r\u00e9percussions directes sur la m\u00e9canique du corps mais aussi sur ses fonctions organiques ou visc\u00e9rales.<\/p>\n\n\n<div class=\"wp-block-image\">\n<figure class=\"aligncenter is-resized\"><img loading=\"lazy\" decoding=\"async\" width=\"720\" height=\"960\" src=\"http:\/\/osteocanin.be\/wp-content\/uploads\/2019\/04\/tania.jpg\" alt=\"\" class=\"wp-image-101\" style=\"width:360px;height:480px\" srcset=\"http:\/\/osteocanin.be\/wp-content\/uploads\/2019\/04\/tania.jpg 720w, http:\/\/osteocanin.be\/wp-content\/uploads\/2019\/04\/tania-225x300.jpg 225w, http:\/\/osteocanin.be\/wp-content\/uploads\/2019\/04\/tania-150x200.jpg 150w, http:\/\/osteocanin.be\/wp-content\/uploads\/2019\/04\/tania-319x425.jpg 319w\" sizes=\"auto, (max-width: 720px) 100vw, 720px\" \/><\/figure>\n<\/div>\n\n\n<p><\/p>\n\n\n\n<p>L&rsquo;ost\u00e9opathie est ax\u00e9e sur 3 grands principes:<\/p>\n\n\n\n<ul class=\"wp-block-list\">\n<li><em>L&rsquo;unit\u00e9 du corps<\/em>: toute perturbation atteignant une r\u00e9gion du corps peut avoir des cons\u00e9quences dans n&rsquo;importe quelle autre r\u00e9gion. C&rsquo;est pour cette raison que l&rsquo;ost\u00e9opathie est une m\u00e9decine holistique, c&rsquo;est-\u00e0-dire qu&rsquo;elle prend en compte le corps dans son ensemble.<\/li>\n<\/ul>\n\n\n\n<ul class=\"wp-block-list\">\n<li><em>La structure gouverne la fonction<\/em>: si les structures de maintien osseuses&nbsp;perdent une partie de leur mobilit\u00e9, l&rsquo;organisme ne peut plus fonctionner normalement.<\/li>\n<\/ul>\n\n\n\n<ul class=\"wp-block-list\">\n<li><em>Le potentiel d&rsquo;auto-gu\u00e9rison<\/em>: le corps va toujours essayer de s&rsquo;adapter. Lorsqu&rsquo;il y a un blocage quelque part, il va donc d\u00e9velopper des compensations pour continuer \u00e0 fonctionner malgr\u00e9 le blocage. Plus on attend, plus les compensations s&rsquo;aggravent et plus les tissus environnants vont \u00ab\u00a0retenir\u00a0\u00bb cette mauvaise position.<\/li>\n<\/ul>\n\n\n<div class=\"wp-block-image\">\n<figure class=\"aligncenter size-large is-resized\"><img loading=\"lazy\" decoding=\"async\" width=\"768\" height=\"1024\" src=\"http:\/\/osteocanin.be\/wp-content\/uploads\/2024\/12\/IMG_4185-1-768x1024.jpg\" alt=\"\" class=\"wp-image-274\" style=\"width:557px;height:auto\" srcset=\"http:\/\/osteocanin.be\/wp-content\/uploads\/2024\/12\/IMG_4185-1-768x1024.jpg 768w, http:\/\/osteocanin.be\/wp-content\/uploads\/2024\/12\/IMG_4185-1-225x300.jpg 225w, http:\/\/osteocanin.be\/wp-content\/uploads\/2024\/12\/IMG_4185-1-150x200.jpg 150w, http:\/\/osteocanin.be\/wp-content\/uploads\/2024\/12\/IMG_4185-1-319x425.jpg 319w, http:\/\/osteocanin.be\/wp-content\/uploads\/2024\/12\/IMG_4185-1.jpg 1125w\" sizes=\"auto, (max-width: 768px) 100vw, 768px\" \/><\/figure>\n<\/div>\n\n\n<p><\/p>\n\n\n\n<p>Une l\u00e9sion ost\u00e9opathique est en fait un manque d&rsquo;amplitude de mouvement ou de fluidit\u00e9. Elle n&rsquo;est donc pas visible \u00e0 la radio, ni \u00e0 l&rsquo;\u00e9chographie.<\/p>\n\n\n\n<p>Cette restriction de mouvement peut atteindre une articulation, un muscle, un fascia et m\u00eame un organe.<\/p>\n\n\n\n<figure class=\"wp-block-gallery has-nested-images columns-2 is-cropped wp-block-gallery-1 is-layout-flex wp-block-gallery-is-layout-flex\">\n<figure class=\"wp-block-image\"><img loading=\"lazy\" decoding=\"async\" width=\"943\" height=\"631\" data-id=\"113\" src=\"http:\/\/osteocanin.be\/wp-content\/uploads\/2019\/04\/boubou-manip.png\" alt=\"\" class=\"wp-image-113\" srcset=\"http:\/\/osteocanin.be\/wp-content\/uploads\/2019\/04\/boubou-manip.png 943w, http:\/\/osteocanin.be\/wp-content\/uploads\/2019\/04\/boubou-manip-300x201.png 300w, http:\/\/osteocanin.be\/wp-content\/uploads\/2019\/04\/boubou-manip-768x514.png 768w, http:\/\/osteocanin.be\/wp-content\/uploads\/2019\/04\/boubou-manip-299x200.png 299w, http:\/\/osteocanin.be\/wp-content\/uploads\/2019\/04\/boubou-manip-635x425.png 635w\" sizes=\"auto, (max-width: 943px) 100vw, 943px\" \/><\/figure>\n\n\n\n<figure class=\"wp-block-image\"><img loading=\"lazy\" decoding=\"async\" width=\"943\" height=\"631\" data-id=\"111\" src=\"http:\/\/osteocanin.be\/wp-content\/uploads\/2019\/04\/didi2-manip.png\" alt=\"\" class=\"wp-image-111\" srcset=\"http:\/\/osteocanin.be\/wp-content\/uploads\/2019\/04\/didi2-manip.png 943w, http:\/\/osteocanin.be\/wp-content\/uploads\/2019\/04\/didi2-manip-300x201.png 300w, http:\/\/osteocanin.be\/wp-content\/uploads\/2019\/04\/didi2-manip-768x514.png 768w, http:\/\/osteocanin.be\/wp-content\/uploads\/2019\/04\/didi2-manip-299x200.png 299w, http:\/\/osteocanin.be\/wp-content\/uploads\/2019\/04\/didi2-manip-635x425.png 635w\" sizes=\"auto, (max-width: 943px) 100vw, 943px\" \/><\/figure>\n\n\n\n<figure class=\"wp-block-image\"><img loading=\"lazy\" decoding=\"async\" width=\"943\" height=\"631\" data-id=\"109\" src=\"http:\/\/osteocanin.be\/wp-content\/uploads\/2019\/04\/didi-manip.png\" alt=\"\" class=\"wp-image-109\" srcset=\"http:\/\/osteocanin.be\/wp-content\/uploads\/2019\/04\/didi-manip.png 943w, http:\/\/osteocanin.be\/wp-content\/uploads\/2019\/04\/didi-manip-300x201.png 300w, http:\/\/osteocanin.be\/wp-content\/uploads\/2019\/04\/didi-manip-768x514.png 768w, http:\/\/osteocanin.be\/wp-content\/uploads\/2019\/04\/didi-manip-299x200.png 299w, http:\/\/osteocanin.be\/wp-content\/uploads\/2019\/04\/didi-manip-635x425.png 635w\" sizes=\"auto, (max-width: 943px) 100vw, 943px\" \/><\/figure>\n<\/figure>\n\n\n\n<p class=\"has-light-green-cyan-background-color has-background\"><strong>M\u00e9thode:<\/strong><\/p>\n\n\n\n<p>Je commence toujours par faire l&rsquo;examen COMPLET de l&rsquo;animal. Je note les l\u00e9sions et les blocages pour pouvoir avoir une vision d&rsquo;ensemble.<\/p>\n\n\n\n<p>La manipulation en elle-m\u00eame est tr\u00e8s douce et se base plus sur des \u00e9tirements et des rel\u00e2chements que d&rsquo;utiliser la force. Il ne s&rsquo;agit donc pas dans la plupart des cas de \u00ab\u00a0faire craquer\u00a0\u00bb l&rsquo;animal.&nbsp;<\/p>\n\n\n\n<p>Les animaux sont d&rsquo;ailleurs souvent assez d\u00e9tendus apr\u00e8s quelques minutes de manipulation.<\/p>\n\n\n\n<p>Sachez aussi qu&rsquo;un traitement ost\u00e9opathique ne peut en aucun cas aggraver une l\u00e9sion.<\/p>\n\n\n\n<figure class=\"wp-block-gallery has-nested-images columns-default is-cropped wp-block-gallery-2 is-layout-flex wp-block-gallery-is-layout-flex\">\n<figure class=\"wp-block-image\"><img loading=\"lazy\" decoding=\"async\" width=\"943\" height=\"704\" data-id=\"110\" src=\"http:\/\/osteocanin.be\/wp-content\/uploads\/2019\/04\/kenzo-manip.png\" alt=\"\" class=\"wp-image-110\" srcset=\"http:\/\/osteocanin.be\/wp-content\/uploads\/2019\/04\/kenzo-manip.png 943w, http:\/\/osteocanin.be\/wp-content\/uploads\/2019\/04\/kenzo-manip-300x224.png 300w, http:\/\/osteocanin.be\/wp-content\/uploads\/2019\/04\/kenzo-manip-768x573.png 768w, http:\/\/osteocanin.be\/wp-content\/uploads\/2019\/04\/kenzo-manip-268x200.png 268w, http:\/\/osteocanin.be\/wp-content\/uploads\/2019\/04\/kenzo-manip-569x425.png 569w\" sizes=\"auto, (max-width: 943px) 100vw, 943px\" \/><\/figure>\n\n\n\n<figure class=\"wp-block-image\"><img loading=\"lazy\" decoding=\"async\" width=\"943\" height=\"704\" data-id=\"112\" src=\"http:\/\/osteocanin.be\/wp-content\/uploads\/2019\/04\/kenzo-2-manip.png\" alt=\"\" class=\"wp-image-112\" srcset=\"http:\/\/osteocanin.be\/wp-content\/uploads\/2019\/04\/kenzo-2-manip.png 943w, http:\/\/osteocanin.be\/wp-content\/uploads\/2019\/04\/kenzo-2-manip-300x224.png 300w, http:\/\/osteocanin.be\/wp-content\/uploads\/2019\/04\/kenzo-2-manip-768x573.png 768w, http:\/\/osteocanin.be\/wp-content\/uploads\/2019\/04\/kenzo-2-manip-268x200.png 268w, http:\/\/osteocanin.be\/wp-content\/uploads\/2019\/04\/kenzo-2-manip-569x425.png 569w\" sizes=\"auto, (max-width: 943px) 100vw, 943px\" \/><\/figure>\n<\/figure>\n\n\n\n<p><\/p>\n\n\n\n<p><\/p>\n","protected":false},"excerpt":{"rendered":"<p>D\u00e9finition: L&rsquo;ost\u00e9opathie est une technique manuelle visant \u00e0 r\u00e9\u00e9quilibrer le corps en levant les blocages musculaires et articulaires. Ces blocages ont des r\u00e9percussions directes sur la m\u00e9canique du corps mais aussi sur ses fonctions organiques &hellip; <a href=\"http:\/\/osteocanin.be\/index.php\/page-d-exemple\/\" class=\"more-link\">Lire la suite <span class=\"screen-reader-text\">Ost\u00e9opathie<\/span> <span class=\"meta-nav\">&rarr;<\/span><\/a><\/p>\n","protected":false},"author":1,"featured_media":253,"parent":0,"menu_order":2,"comment_status":"closed","ping_status":"closed","template":"","meta":{"footnotes":""},"class_list":["post-2","page","type-page","status-publish","has-post-thumbnail","hentry"],"_links":{"self":[{"href":"http:\/\/osteocanin.be\/index.php\/wp-json\/wp\/v2\/pages\/2","targetHints":{"allow":["GET"]}}],"collection":[{"href":"http:\/\/osteocanin.be\/index.php\/wp-json\/wp\/v2\/pages"}],"about":[{"href":"http:\/\/osteocanin.be\/index.php\/wp-json\/wp\/v2\/types\/page"}],"author":[{"embeddable":true,"href":"http:\/\/osteocanin.be\/index.php\/wp-json\/wp\/v2\/users\/1"}],"replies":[{"embeddable":true,"href":"http:\/\/osteocanin.be\/index.php\/wp-json\/wp\/v2\/comments?post=2"}],"version-history":[{"count":15,"href":"http:\/\/osteocanin.be\/index.php\/wp-json\/wp\/v2\/pages\/2\/revisions"}],"predecessor-version":[{"id":284,"href":"http:\/\/osteocanin.be\/index.php\/wp-json\/wp\/v2\/pages\/2\/revisions\/284"}],"wp:featuredmedia":[{"embeddable":true,"href":"http:\/\/osteocanin.be\/index.php\/wp-json\/wp\/v2\/media\/253"}],"wp:attachment":[{"href":"http:\/\/osteocanin.be\/index.php\/wp-json\/wp\/v2\/media?parent=2"}],"curies":[{"name":"wp","href":"https:\/\/api.w.org\/{rel}","templated":true}]}}